{"id":122,"date":"2022-10-24T11:36:40","date_gmt":"2022-10-24T11:36:40","guid":{"rendered":"https:\/\/seodostu.com.tr\/demo2\/?page_id=122"},"modified":"2025-06-30T16:36:26","modified_gmt":"2025-06-30T16:36:26","slug":"proje-kurallari","status":"publish","type":"page","link":"https:\/\/esentiaacademy.com\/coc\/proje-kurallari\/","title":{"rendered":"PROJE KURALLARI"},"content":{"rendered":"\t\t<div data-elementor-type=\"wp-page\" data-elementor-id=\"122\" class=\"elementor elementor-122\">\n\t\t\t\t\t\t<section class=\"elementor-section elementor-top-section elementor-element elementor-element-69b93c02 elementor-section-boxed elementor-section-height-default elementor-section-height-default e-parent\" data-id=\"69b93c02\" data-element_type=\"section\" data-settings=\"{&quot;background_background&quot;:&quot;classic&quot;}\">\n\t\t\t\t\t\t\t<div class=\"elementor-background-overlay\"><\/div>\n\t\t\t\t\t\t\t<div class=\"elementor-container elementor-column-gap-default\">\n\t\t\t\t\t<div class=\"elementor-column elementor-col-100 elementor-top-column elementor-element elementor-element-3a54cbd6 lakit-col-width-auto-no\" data-id=\"3a54cbd6\" data-element_type=\"column\">\n\t\t\t<div class=\"elementor-widget-wrap elementor-element-populated\">\n\t\t\t\t\t\t<div class=\"elementor-element elementor-element-5942a2d2 elementor-widget elementor-widget-heading\" data-id=\"5942a2d2\" data-element_type=\"widget\" data-widget_type=\"heading.default\">\n\t\t\t\t<div class=\"elementor-widget-container\">\n\t\t\t<h1 class=\"elementor-heading-title elementor-size-default\">PROJE KURALLARI<\/h1>\t\t<\/div>\n\t\t\t\t<\/div>\n\t\t\t\t\t<\/div>\n\t\t<\/div>\n\t\t\t\t\t<\/div>\n\t\t<\/section>\n\t\t\t\t<section class=\"elementor-section elementor-top-section elementor-element elementor-element-acef99b elementor-section-boxed elementor-section-height-default elementor-section-height-default e-parent\" data-id=\"acef99b\" data-element_type=\"section\">\n\t\t\t\t\t\t<div class=\"elementor-container elementor-column-gap-default\">\n\t\t\t\t\t<div class=\"elementor-column elementor-col-100 elementor-top-column elementor-element elementor-element-ee2bc21 lakit-col-width-auto-no\" data-id=\"ee2bc21\" data-element_type=\"column\">\n\t\t\t<div class=\"elementor-widget-wrap elementor-element-populated\">\n\t\t\t\t\t\t<section class=\"elementor-section elementor-inner-section elementor-element elementor-element-c114af0 elementor-section-content-middle elementor-section-boxed elementor-section-height-default elementor-section-height-default\" data-id=\"c114af0\" data-element_type=\"section\">\n\t\t\t\t\t\t<div class=\"elementor-container elementor-column-gap-default\">\n\t\t\t\t\t<div class=\"elementor-column elementor-col-100 elementor-inner-column elementor-element elementor-element-a79e051 lakit-col-width-auto-no\" data-id=\"a79e051\" data-element_type=\"column\">\n\t\t\t<div class=\"elementor-widget-wrap elementor-element-populated\">\n\t\t\t\t\t\t<div class=\"elementor-element elementor-element-ec932d1 elementor-widget elementor-widget-heading\" data-id=\"ec932d1\" data-element_type=\"widget\" data-widget_type=\"heading.default\">\n\t\t\t\t<div class=\"elementor-widget-container\">\n\t\t\t<h2 class=\"elementor-heading-title elementor-size-default\">PROJE KURALLARI<\/h2>\t\t<\/div>\n\t\t\t\t<\/div>\n\t\t\t\t<div class=\"elementor-element elementor-element-bf4e0de elementor-widget elementor-widget-text-editor\" data-id=\"bf4e0de\" data-element_type=\"widget\" data-widget_type=\"text-editor.default\">\n\t\t\t\t<div class=\"elementor-widget-container\">\n\t\t\t\t\t\t\t<div class=\"col col-12\"><div class=\"col col-12\"><p><b>1-<\/b>\u00a0Projenin temel amac\u0131, ko\u00e7lar\u0131n seans yapma deneyimlerini artt\u0131rmalar\u0131n\u0131 ve unvan i\u00e7in gerekli olan ko\u00e7luk g\u00f6r\u00fc\u015fme saatlerini (ICF log kay\u0131tlar\u0131n\u0131) doldurmalar\u0131n\u0131 sa\u011flamakt\u0131r. Ayr\u0131ca farkl\u0131 ekollerdeki ko\u00e7larla bir araya gelmek ve dan\u0131\u015fan olmay\u0131 tecr\u00fcbe etmek gibi kazan\u0131mlar da elde edilir.\u00a0<\/p><p><span style=\"color: var( --e-global-color-7f08841 ); font-family: var( --e-global-typography-text-font-family ), Sans-serif; font-size: var( --e-global-typography-text-font-size );\"><b>2-<\/b><\/span><span style=\"color: var( --e-global-color-7f08841 ); font-family: var( --e-global-typography-text-font-family ), Sans-serif; font-size: var( --e-global-typography-text-font-size ); font-weight: var( --e-global-typography-text-font-weight );\">\u00a0Proje kat\u0131l\u0131mc\u0131lar\u0131n\u0131n <\/span><b style=\"color: var( --e-global-color-7f08841 ); font-family: var( --e-global-typography-text-font-family ), Sans-serif; font-size: var( --e-global-typography-text-font-size );\">ICF onayl\u0131 bir ko\u00e7luk okulunda<\/b><span style=\"color: var( --e-global-color-7f08841 ); font-family: var( --e-global-typography-text-font-family ), Sans-serif; font-size: var( --e-global-typography-text-font-size ); font-weight: var( --e-global-typography-text-font-weight );\">, en az 60 saatlik temel ko\u00e7luk e\u011fitimini tamamlam\u0131\u015f olmas\u0131 gerekmektedir.\u00a0<\/span><\/p><p><b>3-<\/b>\u00a0Her kat\u0131l\u0131mc\u0131 bir ayl\u0131k s\u00fcre i\u00e7inde sistem taraf\u0131ndan kendisine atanan dan\u0131\u015fana 4 kez ko\u00e7luk yapar ve sistemin atad\u0131\u011f\u0131 farkl\u0131 bir ko\u00e7tan da 4 kez ko\u00e7luk al\u0131r. Proje, sonraki ay farkl\u0131 ki\u015filerle e\u015fle\u015ferek devam eder. Proje s\u00fcresinde her kat\u0131l\u0131mc\u0131 e\u015fit say\u0131da ko\u00e7luk ve dan\u0131\u015fanl\u0131k yapm\u0131\u015f olur. Sistemin i\u015fleyi\u015fi a\u00e7\u0131s\u0131ndan t\u00fcm ko\u00e7lar\u0131n dan\u0131\u015fan olma g\u00f6revlerini de eksiksiz yerine getirmeleri gerekmektedir.\u00a0<\/p><p><b>4-\u00a0<\/b>\u00dcyelere ko\u00e7 ve dan\u0131\u015fan olarak atamalar <b>her ay\u0131n 1\u2019inde<\/b> yap\u0131l\u0131r. Ay\u0131n 1\u2019inde sisteme girerek <b>\u201cprojelerim\u201d<\/b> k\u0131sm\u0131ndan e\u015fle\u015fti\u011finiz ki\u015fileri ve ileti\u015fim bilgilerini g\u00f6rebilirsiniz. Ko\u00e7, dan\u0131\u015fan\u0131 ile <b>3 g\u00fcn i\u00e7inde<\/b> ileti\u015fim kurar ve g\u00f6r\u00fc\u015fmeler aralar\u0131nda organize edilir. Ko\u00e7un ileti\u015fime ge\u00e7medi\u011fi durumda dan\u0131\u015fan\u0131n ileti\u015fime ge\u00e7mesi gerekmektedir.\u00a0<\/p><p>Ard\u0131ndan belirledi\u011finiz takvime g\u00f6re 1 ay i\u00e7inde 4 kez ko\u00e7, 4 kez de dan\u0131\u015fan olaca\u011f\u0131n\u0131z seanslar sizi bekliyor! Her seans bitiminde PROJELER\u0130M k\u0131sm\u0131ndan seans tarihlerini girip onay vermeyi unutmay\u0131n\u0131z. Aksi halde sistem g\u00f6revlerinizi yerine getirdi\u011finizi alg\u0131layamaz.<\/p><p><b>5-\u00a0<\/b>G\u00f6r\u00fc\u015fmeler \u00e7evrimi\u00e7i (online) yap\u0131l\u0131r. G\u00f6r\u00fc\u015fme s\u0131kl\u0131\u011f\u0131 i\u00e7in \u00f6nerilen s\u00fcre hafta birdir. Ancak s\u0131kl\u0131k, s\u00fcre ve platform gibi detaylar ko\u00e7 ile dan\u0131\u015fan aras\u0131nda belirlenir. Olas\u0131 aksakl\u0131klar\u0131 <b>ko\u00e7 ve dan\u0131\u015fan\u0131n birbiriyle ileti\u015fime ge\u00e7erek <\/b>\u00e7\u00f6zmesi beklenir.\u00a0<\/p><p><b>6-\u00a0<\/b>Ko\u00e7 ve dan\u0131\u015fan\u0131n, yap\u0131lan her seans\u0131 <b>g\u00f6r\u00fc\u015fme biter bitmez sistemdeki ilgili alana tarihiyle birlikte girmesi ve onaylamas\u0131<\/b> gerekir.\u00a0<\/p><p><b>7-\u00a0<\/b>O ay i\u00e7inde 4 kez ko\u00e7 ve 4 kez de dan\u0131\u015fan olma g\u00f6revini yerine getirmeyen ve\/veya yap\u0131lan g\u00f6r\u00fc\u015fmeleri sisteme girmeyen kat\u0131l\u0131mc\u0131lar <b>\u00fcyelikten \u00e7\u0131kar\u0131l\u0131r ve sonraki aylarda e\u015fle\u015fme hakk\u0131n\u0131 kaybeder.<\/b>\u00a0<\/p><p><b>8-\u00a0<\/b>G\u00f6r\u00fc\u015fmeler takas (barter) sistemi \u015feklinde profesyonel olarak y\u00fcr\u00fct\u00fcld\u00fc\u011f\u00fc i\u00e7in ICF kriterlerine g\u00f6re log kay\u0131tlar\u0131na \u00fccretli (paid) g\u00f6r\u00fc\u015fme olarak yaz\u0131l\u0131r.\u00a0<\/p><p><b>9-\u00a0<\/b>T\u00fcm \u00fcyeler \u015funlar\u0131 kabul etmi\u015f say\u0131l\u0131r: <br \/>&#8211; E\u015fle\u015fti\u011fi \u00fcyenin kendisine telefon, mesaj ve mail ile ileti\u015fim kurmas\u0131na onay verir.<br \/>&#8211; G\u00f6r\u00fc\u015fmelerin ICF log kayd\u0131na eklenmesine onay verir.<br \/>&#8211; Gizlilik ilkesine uyaca\u011f\u0131n\u0131, kar\u015f\u0131 tarafla sadece ko\u00e7luk projesi i\u00e7in ve genel etik kurallar\u0131na uygun \u015fekilde ileti\u015fim kuraca\u011f\u0131n\u0131 kabul eder.\u00a0<\/p><p><b>10-<\/b>\u00a0<b>\u00dcyeler yukar\u0131daki kurallara uymad\u0131\u011f\u0131nda sistemden \u00e7\u0131kar\u0131l\u0131r ve sonraki aylarda e\u015fle\u015ftirmeye dahil edilmez.<\/b> L\u00fctfen kurallar\u0131 tam olarak anlad\u0131\u011f\u0131n\u0131zdan emin olunuz ve\u00a0<span style=\"text-decoration: underline; color: #993300;\"><span style=\"text-decoration: underline;\"><a style=\"color: #993300; text-decoration: underline;\" href=\"https:\/\/esentiaacademy.com\/coc\/sikca-sorulan-sorular\/\" target=\"_blank\" rel=\"noopener\">S\u0131k Sorulan Sorular\u0131 buraya t\u0131klayarak<\/a><\/span><\/span>\u00a0okuyunuz.<\/p><p>\u00a0<\/p><\/div><p><span style=\"color: #993300;\"><strong>E\u015fle\u015fme S\u00fcreci:<\/strong><\/span><\/p><table style=\"font-weight: 400;\" width=\"639\"><tbody><tr><td width=\"123\"><p><strong>Ay\u0131n 1\u2019i<\/strong><\/p><\/td><td width=\"517\"><p>Sisteme yeni e\u015fle\u015fmeler atan\u0131r. Panelinize giri\u015f yaparak e\u015fle\u015fti\u011finiz ki\u015filerin ileti\u015fim bilgilerini g\u00f6rebilirsiniz.<\/p><\/td><\/tr><tr><td width=\"123\"><p><strong>Ay\u0131n 1 -2- 3\u2019\u00fc<\/strong><\/p><\/td><td width=\"517\"><p>Ko\u00e7 g\u00f6revindeki kat\u0131l\u0131mc\u0131lar\u0131n, dan\u0131\u015fan g\u00f6revindeki kat\u0131l\u0131mc\u0131larla ileti\u015fim kurmas\u0131 gereken tarih aral\u0131\u011f\u0131d\u0131r.<\/p><p><strong>\u00d6nemli:<\/strong> E\u015fle\u015fti\u011finiz ki\u015filerle ileti\u015fim kurup hi\u00e7bir sorun olmadan seans tarihini belirleyince hemen sisteme girerek <strong>&#8220;projeyi ba\u015flat&#8221;<\/strong> k\u0131sm\u0131n\u0131 aktif ediniz. E\u011fer projeyi ba\u015flatmazsan\u0131z, sistem sizi ay\u0131n 6&#8217;s\u0131na kadar (sorun ya\u015fanan ba\u015fka bir e\u015fle\u015fmenin ma\u011fduru olan) ba\u015fka dan\u0131\u015fanla yeniden e\u015fle\u015ftirebilir.<\/p><\/td><\/tr><tr><td width=\"123\"><p><strong>Ay\u0131n 4\u2019\u00fc<\/strong><\/p><\/td><td width=\"517\"><p>E\u011fer e\u015fleriniz sizinle ileti\u015fim kurmad\u0131ysa sizin ileti\u015fim kurmay\u0131 denemeniz gereken tarihtir.<\/p><p><span style=\"font-size: 12.6px;\">L\u00fctfen birden fazla ileti\u015fim kanal\u0131ndan (WhatsApp, mail veya arama) ve farkl\u0131 zaman dilimlerinde en az iki kez ileti\u015fim kurmaya \u00e7al\u0131\u015f\u0131n\u0131z.<\/span><\/p><\/td><\/tr><tr><td width=\"123\"><p><span style=\"color: #000000;\"><strong>Ay\u0131n 5\u2019i<\/strong><\/span><\/p><\/td><td width=\"517\"><p>Ko\u00e7 veya dan\u0131\u015fan\u0131n\u0131zla <b>t\u00fcm \u00e7abalar\u0131n\u0131za ra\u011fmen<\/b> ileti\u015fim kuramad\u0131ysan\u0131z bize haber vermeniz gereken g\u00fcnd\u00fcr.<\/p><p>Birden fazla ileti\u015fim kanal\u0131ndan (WhatsApp, mail veya arama) ve en az iki kez ileti\u015fim kurmaya \u00e7al\u0131\u015ft\u0131\u011f\u0131n\u0131z halde hi\u00e7bir \u015fekilde ula\u015famad\u0131ysan\u0131z l\u00fctfen <a href=\"mailto:coc@EsentiaAcademy.com\">coc@EsentiaAcademy.com<\/a> \u2018a mail at\u0131n\u0131z.<\/p><\/td><\/tr><tr><td width=\"123\"><p><strong>Ay\u0131n 6\u2019s\u0131<\/strong><\/p><\/td><td width=\"517\"><p>E\u015fleriyle ileti\u015fim kurmad\u0131\u011f\u0131 tespit edilen kat\u0131l\u0131mc\u0131lar\u0131n sistemden \u00e7\u0131kar\u0131l\u0131p ma\u011fdur olan kat\u0131l\u0131mc\u0131lara yeni e\u015flerin atanaca\u011f\u0131 g\u00fcnd\u00fcr.<\/p><p>Bu tarihten sonra o ay i\u00e7in yeni e\u015fle\u015fme yap\u0131lamayaca\u011f\u0131ndan l\u00fctfen en ge\u00e7 5\u2019i ak\u015fam\u0131na kadar bilgi veriniz.<\/p><p><strong>Unutmay\u0131n\u0131z<\/strong>, e\u011fer e\u015fle\u015fti\u011finiz ki\u015fiyle kar\u015f\u0131l\u0131 olarak &#8220;projeyi ba\u015flat&#8221; dememi\u015fseniz sistem sizi ay\u0131n 6&#8217;s\u0131na kadar (sorun ya\u015fanan ba\u015fka bir e\u015fle\u015fmenin ma\u011fduru olan) ba\u015fka dan\u0131\u015fanla yeniden e\u015fle\u015ftirebilir.<\/p><\/td><\/tr><\/tbody><\/table><p>\u00a0<\/p><\/div>\t\t\t\t\t\t<\/div>\n\t\t\t\t<\/div>\n\t\t\t\t\t<\/div>\n\t\t<\/div>\n\t\t\t\t\t<\/div>\n\t\t<\/section>\n\t\t\t\t\t<\/div>\n\t\t<\/div>\n\t\t\t\t\t<\/div>\n\t\t<\/section>\n\t\t\t\t<\/div>\n\t\t","protected":false},"excerpt":{"rendered":"<p>PROJE KURALLARI 1-\u00a0Projenin temel amac\u0131, ko\u00e7lar\u0131n seans yapma deneyimlerini artt\u0131rmalar\u0131n\u0131 ve unvan i\u00e7in gerekli olan ko\u00e7luk g\u00f6r\u00fc\u015fme saatlerini (ICF log kay\u0131tlar\u0131n\u0131) doldurmalar\u0131n\u0131 sa\u011flamakt\u0131r. Ayr\u0131ca farkl\u0131 ekollerdeki ko\u00e7larla bir araya gelmek ve dan\u0131\u015fan olmay\u0131 tecr\u00fcbe etmek gibi kazan\u0131mlar da elde edilir.\u00a0 2-\u00a0Proje kat\u0131l\u0131mc\u0131lar\u0131n\u0131n ICF onayl\u0131 bir ko\u00e7luk okulunda, en az 60 saatlik temel ko\u00e7luk e\u011fitimini tamamlam\u0131\u015f [&hellip;]<\/p>\n","protected":false},"author":1,"featured_media":0,"parent":0,"menu_order":0,"comment_status":"closed","ping_status":"closed","template":"elementor_header_footer","meta":{"footnotes":""},"class_list":["post-122","page","type-page","status-publish","hentry"],"_links":{"self":[{"href":"https:\/\/esentiaacademy.com\/coc\/wp-json\/wp\/v2\/pages\/122","targetHints":{"allow":["GET"]}}],"collection":[{"href":"https:\/\/esentiaacademy.com\/coc\/wp-json\/wp\/v2\/pages"}],"about":[{"href":"https:\/\/esentiaacademy.com\/coc\/wp-json\/wp\/v2\/types\/page"}],"author":[{"embeddable":true,"href":"https:\/\/esentiaacademy.com\/coc\/wp-json\/wp\/v2\/users\/1"}],"replies":[{"embeddable":true,"href":"https:\/\/esentiaacademy.com\/coc\/wp-json\/wp\/v2\/comments?post=122"}],"version-history":[{"count":43,"href":"https:\/\/esentiaacademy.com\/coc\/wp-json\/wp\/v2\/pages\/122\/revisions"}],"predecessor-version":[{"id":530,"href":"https:\/\/esentiaacademy.com\/coc\/wp-json\/wp\/v2\/pages\/122\/revisions\/530"}],"wp:attachment":[{"href":"https:\/\/esentiaacademy.com\/coc\/wp-json\/wp\/v2\/media?parent=122"}],"curies":[{"name":"wp","href":"https:\/\/api.w.org\/{rel}","templated":true}]}}